{"id":818,"date":"2018-10-26T18:07:57","date_gmt":"2018-10-26T17:07:57","guid":{"rendered":"http:\/\/localhost\/mare-e-macchia.com\/?page_id=818"},"modified":"2024-02-02T15:21:43","modified_gmt":"2024-02-02T14:21:43","slug":"aux-alentours","status":"publish","type":"page","link":"https:\/\/location-villa-tizzano.com\/mare-e-macchia\/aux-alentours\/","title":{"rendered":"Aux Alentours"},"content":{"rendered":"<p>Le pittoresque port de p\u00eache de Tizzano en Corse du Sud permettra la pratique des loisirs nautiques : p\u00eache sous-marine, sports nautiques, promenade en bateau et en kayak.<\/p>\n<p>Les randonn\u00e9es sur le sentier du littoral vous feront d\u00e9couvrir les superbes criques environnantes.<\/p>\n<p>\u00c0 treize kilom\u00e8tres, vous d\u00e9couvrirez la ville de Sart\u00e9ne \u00ab la plus Corse des villes Corses \u00bb, ses vestiges pr\u00e9historiques, son mus\u00e9e et ses traditions tel le \u00ab Catenacciu \u00bb, le soir du Vendredi Saint.<\/p>\n<p>Pour les amoureux du cheval, \u00e0 proximit\u00e9, une ferme \u00e9questre vous fera d\u00e9couvrir gr\u00e2ce \u00e0 votre monture une c\u00f4te vierge dont vous appr\u00e9cierez les plages voisines.<\/p>\n<p>A une heure environ, se trouvent Bavella , site connu pour ses Aiguilles, ses nombreux canyonning mais \u00e9galement pour sa for\u00eat de l\u2019Osp\u00e9dale voisine et sa spectaculaire cascade \u00ab Piscia di Gallu \u00bb, ses baignades d\u2019eau douce ; Bonifacio et ses c\u00e9l\u00e8bres falaises.<\/p>\n","protected":false},"excerpt":{"rendered":"<p>Le pittoresque port de p\u00eache de Tizzano en Corse du Sud permettra la pratique des loisirs nautiques : p\u00eache sous-marine, sports nautiques, promenade en bateau et en kayak. Les randonn\u00e9es sur le sentier du littoral vous feront d\u00e9couvrir les superbes criques environnantes. \u00c0 treize kilom\u00e8tres, vous d\u00e9couvrirez la ville de Sart\u00e9ne \u00ab la plus Corse [&hellip;]<\/p>\n","protected":false},"author":1,"featured_media":0,"parent":0,"menu_order":4,"comment_status":"closed","ping_status":"closed","template":"","meta":{"_acf_changed":false,"footnotes":""},"class_list":["post-818","page","type-page","status-publish","hentry"],"acf":[],"_links":{"self":[{"href":"https:\/\/location-villa-tizzano.com\/mare-e-macchia\/wp-json\/wp\/v2\/pages\/818","targetHints":{"allow":["GET"]}}],"collection":[{"href":"https:\/\/location-villa-tizzano.com\/mare-e-macchia\/wp-json\/wp\/v2\/pages"}],"about":[{"href":"https:\/\/location-villa-tizzano.com\/mare-e-macchia\/wp-json\/wp\/v2\/types\/page"}],"author":[{"embeddable":true,"href":"https:\/\/location-villa-tizzano.com\/mare-e-macchia\/wp-json\/wp\/v2\/users\/1"}],"replies":[{"embeddable":true,"href":"https:\/\/location-villa-tizzano.com\/mare-e-macchia\/wp-json\/wp\/v2\/comments?post=818"}],"version-history":[{"count":1,"href":"https:\/\/location-villa-tizzano.com\/mare-e-macchia\/wp-json\/wp\/v2\/pages\/818\/revisions"}],"predecessor-version":[{"id":1476,"href":"https:\/\/location-villa-tizzano.com\/mare-e-macchia\/wp-json\/wp\/v2\/pages\/818\/revisions\/1476"}],"wp:attachment":[{"href":"https:\/\/location-villa-tizzano.com\/mare-e-macchia\/wp-json\/wp\/v2\/media?parent=818"}],"curies":[{"name":"wp","href":"https:\/\/api.w.org\/{rel}","templated":true}]}}