{"id":1411,"date":"2019-03-11T12:53:46","date_gmt":"2019-03-11T11:53:46","guid":{"rendered":"https:\/\/location-villa-tizzano.com\/mare-e-macchia\/our-villas\/studio-2-personnes\/"},"modified":"2019-03-11T12:53:46","modified_gmt":"2019-03-11T11:53:46","slug":"studio-2-personnes","status":"publish","type":"page","link":"https:\/\/location-villa-tizzano.com\/mare-e-macchia\/en\/our-villas\/studio-2-personnes\/","title":{"rendered":"Studio &#8211; 2 personnes"},"content":{"rendered":"<p>STUDIO 2 PERSONNES (30m2) :<\/p>\n<p>&#8211; Terrasse privative cl\u00f4tur\u00e9e orient\u00e9e vers la mer avec barbecue, douche ext\u00e9rieure, mobilier de jardin, store<\/p>\n<p>&#8211; Studio pour deux personnes<\/p>\n<p>&#8211; Une pi\u00e8ce comprenant un lit escamotable\/rabattable en 160cm, t\u00e9l\u00e9vision, wifi gratuit<\/p>\n<p>&#8211; Cuisine \u00e9quip\u00e9e : lave-vaisselle, plaque \u00e9lectrique, four, r\u00e9frig\u00e9rateur-cong\u00e9lateur, micro-ondes, cafeti\u00e8re \u00e9lectrique\u2026<\/p>\n<p>&#8211; Salle de bain avec douche, vasque, lave-linge, s\u00e8che cheveux<\/p>\n<p>&#8211; Un WC s\u00e9par\u00e9<\/p>\n","protected":false},"excerpt":{"rendered":"<p>STUDIO 2 PERSONNES (30m2) : &#8211; Terrasse privative cl\u00f4tur\u00e9e orient\u00e9e vers la mer avec barbecue, douche ext\u00e9rieure, mobilier de jardin, store &#8211; Studio pour deux personnes &#8211; Une pi\u00e8ce comprenant un lit escamotable\/rabattable en 160cm, t\u00e9l\u00e9vision, wifi gratuit &#8211; Cuisine \u00e9quip\u00e9e : lave-vaisselle, plaque \u00e9lectrique, four, r\u00e9frig\u00e9rateur-cong\u00e9lateur, micro-ondes, cafeti\u00e8re \u00e9lectrique\u2026 &#8211; Salle de bain avec [&hellip;]<\/p>\n","protected":false},"author":1,"featured_media":0,"parent":1367,"menu_order":0,"comment_status":"closed","ping_status":"closed","template":"","meta":{"_acf_changed":false,"footnotes":""},"class_list":["post-1411","page","type-page","status-publish","hentry"],"acf":[],"_links":{"self":[{"href":"https:\/\/location-villa-tizzano.com\/mare-e-macchia\/en\/wp-json\/wp\/v2\/pages\/1411","targetHints":{"allow":["GET"]}}],"collection":[{"href":"https:\/\/location-villa-tizzano.com\/mare-e-macchia\/en\/wp-json\/wp\/v2\/pages"}],"about":[{"href":"https:\/\/location-villa-tizzano.com\/mare-e-macchia\/en\/wp-json\/wp\/v2\/types\/page"}],"author":[{"embeddable":true,"href":"https:\/\/location-villa-tizzano.com\/mare-e-macchia\/en\/wp-json\/wp\/v2\/users\/1"}],"replies":[{"embeddable":true,"href":"https:\/\/location-villa-tizzano.com\/mare-e-macchia\/en\/wp-json\/wp\/v2\/comments?post=1411"}],"version-history":[{"count":0,"href":"https:\/\/location-villa-tizzano.com\/mare-e-macchia\/en\/wp-json\/wp\/v2\/pages\/1411\/revisions"}],"up":[{"embeddable":true,"href":"https:\/\/location-villa-tizzano.com\/mare-e-macchia\/en\/wp-json\/wp\/v2\/pages\/1367"}],"wp:attachment":[{"href":"https:\/\/location-villa-tizzano.com\/mare-e-macchia\/en\/wp-json\/wp\/v2\/media?parent=1411"}],"curies":[{"name":"wp","href":"https:\/\/api.w.org\/{rel}","templated":true}]}}