{"id":818,"date":"2018-10-26T18:07:57","date_gmt":"2018-10-26T17:07:57","guid":{"rendered":"http:\/\/localhost\/mare-e-macchia.com\/?page_id=818"},"modified":"2022-11-08T11:00:24","modified_gmt":"2022-11-08T10:00:24","slug":"aux-alentours","status":"publish","type":"page","link":"https:\/\/location-villa-tizzano.com\/les-hauts-de-l-avena\/aux-alentours\/","title":{"rendered":"Aux Alentours"},"content":{"rendered":"<p>Au gr\u00e9 des nombreuses criques et plages environnantes, des eaux limpides et turquoises font de la c\u00f4te sartenaise un paradis pour la baignade, la plong\u00e9e sous-marine et la p\u00eache.<\/p>\n<p>Plage de Tizzano, plage de Tradicettu, plage de Murtoli, plage d\u2019argent ainsi nomm\u00e9e pour son sable couleur argent\u2026 autant de perles que l\u2019on ne se lasse pas de d\u00e9couvrir.<br \/>\nLe pittoresque port de Tizzano permettra la pratique des loisirs nautiques : p\u00eache sous-marine, sports nautiques, promenades en bateaux, location de bateau et de kayak.<\/p>\n<p>Pour les amoureux du cheval, \u00e0 proximit\u00e9, une ferme \u00e9questre vous fera d\u00e9couvrir gr\u00e2ce \u00e0 votre monture une c\u00f4te vierge dont vous appr\u00e9cierez les plages voisines.<br \/>\nCot\u00e9 culturel : la micro-r\u00e9gion offre la visite des sites pr\u00e9historiques (Pallagiu, Cauria,\u2026) et des mus\u00e9es (Sart\u00e8ne et Levie) ainsi que ses traditions tel le \u00ab Catenacciu \u00bb le soir du Vendredi Saint \u00e0 Sart\u00e8ne.<\/p>\n<p>Cot\u00e9 touristique : la ville de Sart\u00e9ne \u00ab la plus Corse des villes Corses \u00bb se trouve \u00e0 12 kms. A une heure environ se trouvent Bavella, site connu pour ses Aiguilles, ses nombreux canyonning mais \u00e9galement pour sa for\u00eat de l\u2019Ospedale voisine et sa spectaculaire cascade \u00ab Piscia di Gallu \u00bb, ses baignades d\u2019eau douce ; Bonifacio et ses c\u00e9l\u00e8bres falaises.<\/p>\n","protected":false},"excerpt":{"rendered":"<p>Au gr\u00e9 des nombreuses criques et plages environnantes, des eaux limpides et turquoises font de la c\u00f4te sartenaise un paradis pour la baignade, la plong\u00e9e sous-marine et la p\u00eache. Plage de Tizzano, plage de Tradicettu, plage de Murtoli, plage d\u2019argent ainsi nomm\u00e9e pour son sable couleur argent\u2026 autant de perles que l\u2019on ne se lasse [&hellip;]<\/p>\n","protected":false},"author":1,"featured_media":0,"parent":0,"menu_order":3,"comment_status":"closed","ping_status":"closed","template":"","meta":{"_acf_changed":false,"footnotes":""},"class_list":["post-818","page","type-page","status-publish","hentry"],"acf":[],"yoast_head":"<!-- This site is optimized with the Yoast SEO plugin v26.9 - https:\/\/yoast.com\/product\/yoast-seo-wordpress\/ -->\n<title>Aux Alentours - Les Hauts de l&#039;Avena<\/title>\n<meta name=\"robots\" content=\"index, follow, max-snippet:-1, max-image-preview:large, max-video-preview:-1\" \/>\n<link rel=\"canonical\" href=\"https:\/\/location-villa-tizzano.com\/les-hauts-de-l-avena\/aux-alentours\/\" \/>\n<meta property=\"og:locale\" content=\"fr_FR\" \/>\n<meta property=\"og:type\" content=\"article\" \/>\n<meta property=\"og:title\" content=\"Aux Alentours - Les Hauts de l&#039;Avena\" \/>\n<meta property=\"og:description\" content=\"Au gr\u00e9 des nombreuses criques et plages environnantes, des eaux limpides et turquoises font de la c\u00f4te sartenaise un paradis pour la baignade, la plong\u00e9e sous-marine et la p\u00eache. Plage de Tizzano, plage de Tradicettu, plage de Murtoli, plage d\u2019argent ainsi nomm\u00e9e pour son sable couleur argent\u2026 autant de perles que l\u2019on ne se lasse [&hellip;]\" \/>\n<meta property=\"og:url\" content=\"https:\/\/location-villa-tizzano.com\/les-hauts-de-l-avena\/aux-alentours\/\" \/>\n<meta property=\"og:site_name\" content=\"Les Hauts de l&#039;Avena\" \/>\n<meta property=\"article:modified_time\" content=\"2022-11-08T10:00:24+00:00\" \/>\n<meta name=\"twitter:card\" content=\"summary_large_image\" \/>\n<meta name=\"twitter:label1\" content=\"Dur\u00e9e de lecture estim\u00e9e\" \/>\n\t<meta name=\"twitter:data1\" content=\"2 minutes\" \/>\n<script type=\"application\/ld+json\" class=\"yoast-schema-graph\">{\"@context\":\"https:\/\/schema.org\",\"@graph\":[{\"@type\":\"WebPage\",\"@id\":\"https:\/\/location-villa-tizzano.com\/les-hauts-de-l-avena\/aux-alentours\/\",\"url\":\"https:\/\/location-villa-tizzano.com\/les-hauts-de-l-avena\/aux-alentours\/\",\"name\":\"Aux Alentours - Les Hauts de l'Avena\",\"isPartOf\":{\"@id\":\"https:\/\/location-villa-tizzano.com\/les-hauts-de-l-avena\/#website\"},\"datePublished\":\"2018-10-26T17:07:57+00:00\",\"dateModified\":\"2022-11-08T10:00:24+00:00\",\"breadcrumb\":{\"@id\":\"https:\/\/location-villa-tizzano.com\/les-hauts-de-l-avena\/aux-alentours\/#breadcrumb\"},\"inLanguage\":\"fr-FR\",\"potentialAction\":[{\"@type\":\"ReadAction\",\"target\":[\"https:\/\/location-villa-tizzano.com\/les-hauts-de-l-avena\/aux-alentours\/\"]}]},{\"@type\":\"BreadcrumbList\",\"@id\":\"https:\/\/location-villa-tizzano.com\/les-hauts-de-l-avena\/aux-alentours\/#breadcrumb\",\"itemListElement\":[{\"@type\":\"ListItem\",\"position\":1,\"name\":\"Accueil\",\"item\":\"https:\/\/location-villa-tizzano.com\/les-hauts-de-l-avena\/\"},{\"@type\":\"ListItem\",\"position\":2,\"name\":\"Aux Alentours\"}]},{\"@type\":\"WebSite\",\"@id\":\"https:\/\/location-villa-tizzano.com\/les-hauts-de-l-avena\/#website\",\"url\":\"https:\/\/location-villa-tizzano.com\/les-hauts-de-l-avena\/\",\"name\":\"Les Hauts de l'Avena\",\"description\":\"\",\"potentialAction\":[{\"@type\":\"SearchAction\",\"target\":{\"@type\":\"EntryPoint\",\"urlTemplate\":\"https:\/\/location-villa-tizzano.com\/les-hauts-de-l-avena\/?s={search_term_string}\"},\"query-input\":{\"@type\":\"PropertyValueSpecification\",\"valueRequired\":true,\"valueName\":\"search_term_string\"}}],\"inLanguage\":\"fr-FR\"}]}<\/script>\n<!-- \/ Yoast SEO plugin. -->","yoast_head_json":{"title":"Aux Alentours - Les Hauts de l'Avena","robots":{"index":"index","follow":"follow","max-snippet":"max-snippet:-1","max-image-preview":"max-image-preview:large","max-video-preview":"max-video-preview:-1"},"canonical":"https:\/\/location-villa-tizzano.com\/les-hauts-de-l-avena\/aux-alentours\/","og_locale":"fr_FR","og_type":"article","og_title":"Aux Alentours - Les Hauts de l'Avena","og_description":"Au gr\u00e9 des nombreuses criques et plages environnantes, des eaux limpides et turquoises font de la c\u00f4te sartenaise un paradis pour la baignade, la plong\u00e9e sous-marine et la p\u00eache. Plage de Tizzano, plage de Tradicettu, plage de Murtoli, plage d\u2019argent ainsi nomm\u00e9e pour son sable couleur argent\u2026 autant de perles que l\u2019on ne se lasse [&hellip;]","og_url":"https:\/\/location-villa-tizzano.com\/les-hauts-de-l-avena\/aux-alentours\/","og_site_name":"Les Hauts de l'Avena","article_modified_time":"2022-11-08T10:00:24+00:00","twitter_card":"summary_large_image","twitter_misc":{"Dur\u00e9e de lecture estim\u00e9e":"2 minutes"},"schema":{"@context":"https:\/\/schema.org","@graph":[{"@type":"WebPage","@id":"https:\/\/location-villa-tizzano.com\/les-hauts-de-l-avena\/aux-alentours\/","url":"https:\/\/location-villa-tizzano.com\/les-hauts-de-l-avena\/aux-alentours\/","name":"Aux Alentours - Les Hauts de l'Avena","isPartOf":{"@id":"https:\/\/location-villa-tizzano.com\/les-hauts-de-l-avena\/#website"},"datePublished":"2018-10-26T17:07:57+00:00","dateModified":"2022-11-08T10:00:24+00:00","breadcrumb":{"@id":"https:\/\/location-villa-tizzano.com\/les-hauts-de-l-avena\/aux-alentours\/#breadcrumb"},"inLanguage":"fr-FR","potentialAction":[{"@type":"ReadAction","target":["https:\/\/location-villa-tizzano.com\/les-hauts-de-l-avena\/aux-alentours\/"]}]},{"@type":"BreadcrumbList","@id":"https:\/\/location-villa-tizzano.com\/les-hauts-de-l-avena\/aux-alentours\/#breadcrumb","itemListElement":[{"@type":"ListItem","position":1,"name":"Accueil","item":"https:\/\/location-villa-tizzano.com\/les-hauts-de-l-avena\/"},{"@type":"ListItem","position":2,"name":"Aux Alentours"}]},{"@type":"WebSite","@id":"https:\/\/location-villa-tizzano.com\/les-hauts-de-l-avena\/#website","url":"https:\/\/location-villa-tizzano.com\/les-hauts-de-l-avena\/","name":"Les Hauts de l'Avena","description":"","potentialAction":[{"@type":"SearchAction","target":{"@type":"EntryPoint","urlTemplate":"https:\/\/location-villa-tizzano.com\/les-hauts-de-l-avena\/?s={search_term_string}"},"query-input":{"@type":"PropertyValueSpecification","valueRequired":true,"valueName":"search_term_string"}}],"inLanguage":"fr-FR"}]}},"_links":{"self":[{"href":"https:\/\/location-villa-tizzano.com\/les-hauts-de-l-avena\/wp-json\/wp\/v2\/pages\/818","targetHints":{"allow":["GET"]}}],"collection":[{"href":"https:\/\/location-villa-tizzano.com\/les-hauts-de-l-avena\/wp-json\/wp\/v2\/pages"}],"about":[{"href":"https:\/\/location-villa-tizzano.com\/les-hauts-de-l-avena\/wp-json\/wp\/v2\/types\/page"}],"author":[{"embeddable":true,"href":"https:\/\/location-villa-tizzano.com\/les-hauts-de-l-avena\/wp-json\/wp\/v2\/users\/1"}],"replies":[{"embeddable":true,"href":"https:\/\/location-villa-tizzano.com\/les-hauts-de-l-avena\/wp-json\/wp\/v2\/comments?post=818"}],"version-history":[{"count":3,"href":"https:\/\/location-villa-tizzano.com\/les-hauts-de-l-avena\/wp-json\/wp\/v2\/pages\/818\/revisions"}],"predecessor-version":[{"id":1110,"href":"https:\/\/location-villa-tizzano.com\/les-hauts-de-l-avena\/wp-json\/wp\/v2\/pages\/818\/revisions\/1110"}],"wp:attachment":[{"href":"https:\/\/location-villa-tizzano.com\/les-hauts-de-l-avena\/wp-json\/wp\/v2\/media?parent=818"}],"curies":[{"name":"wp","href":"https:\/\/api.w.org\/{rel}","templated":true}]}}