{"id":755,"date":"2018-08-18T16:51:45","date_gmt":"2018-08-18T15:51:45","guid":{"rendered":"http:\/\/localhost\/construction-medocaine.com\/?page_id=755"},"modified":"2024-06-04T13:59:00","modified_gmt":"2024-06-04T12:59:00","slug":"contact","status":"publish","type":"page","link":"https:\/\/location-villa-tizzano.com\/les-hauts-de-l-avena\/contact\/","title":{"rendered":"Contact"},"content":{"rendered":"<p><strong>R\u00e9sidence Les Hauts de l&rsquo;Avena :<\/strong><br \/>\n<strong>Nicole et Francis LOPEZ<\/strong><br \/>\nTIZZANO<br \/>\n20100 SARTENE<br \/>\navena@location-villa-tizzano.com<\/p>\n<p>Portable : 06 03 03 00 05<\/p>\n<p><strong>Pour acc\u00e9der \u00e0 votre villa :<\/strong><br \/>\nDepuis Sart\u00e8ne, prendre direction Bonifacio (RN196) sur environ 2 km, puis prendre \u00e0 droite en direction de Tizzano. Apr\u00e8s 12,5 km, voir panneaux \u00e0 gauche, prendre cette route et suivre panneaux R\u00e9sidence \u00ab Les Hauts de l\u2019Avena\u00bb. Voir l\u2019entr\u00e9e de la r\u00e9sidence \u00e0 droite.<\/p>\n<p>Coordonn\u00e9es GPS :<br \/>\nLongitude E 08\u00b0 51\u2032 54.90\u2033 Latitude N 41\u00b0 31\u2032 59.91\u2033<\/p>\n<p>Carte Michelin : 345 Pli : C10<\/p>\n<h2> Demande de r\u00e9servation<\/h2>\n","protected":false},"excerpt":{"rendered":"<p>R\u00e9sidence Les Hauts de l&rsquo;Avena : Nicole et Francis LOPEZ TIZZANO 20100 SARTENE avena@location-villa-tizzano.com Portable : 06 03 03 00 05 Pour acc\u00e9der \u00e0 votre villa : Depuis Sart\u00e8ne, prendre direction Bonifacio (RN196) sur environ 2 km, puis prendre \u00e0 droite en direction de Tizzano. Apr\u00e8s 12,5 km, voir panneaux \u00e0 gauche, prendre cette route [&hellip;]<\/p>\n","protected":false},"author":1,"featured_media":0,"parent":0,"menu_order":6,"comment_status":"closed","ping_status":"closed","template":"","meta":{"_acf_changed":false,"footnotes":""},"class_list":["post-755","page","type-page","status-publish","hentry"],"acf":[],"yoast_head":"<!-- This site is optimized with the Yoast SEO plugin v26.9 - https:\/\/yoast.com\/product\/yoast-seo-wordpress\/ -->\n<title>Contact - Les Hauts de l&#039;Avena<\/title>\n<meta name=\"robots\" content=\"index, follow, max-snippet:-1, max-image-preview:large, max-video-preview:-1\" \/>\n<link rel=\"canonical\" href=\"https:\/\/location-villa-tizzano.com\/les-hauts-de-l-avena\/contact\/\" \/>\n<meta property=\"og:locale\" content=\"fr_FR\" \/>\n<meta property=\"og:type\" content=\"article\" \/>\n<meta property=\"og:title\" content=\"Contact - Les Hauts de l&#039;Avena\" \/>\n<meta property=\"og:description\" content=\"R\u00e9sidence Les Hauts de l&rsquo;Avena : Nicole et Francis LOPEZ TIZZANO 20100 SARTENE avena@location-villa-tizzano.com Portable : 06 03 03 00 05 Pour acc\u00e9der \u00e0 votre villa : Depuis Sart\u00e8ne, prendre direction Bonifacio (RN196) sur environ 2 km, puis prendre \u00e0 droite en direction de Tizzano. Apr\u00e8s 12,5 km, voir panneaux \u00e0 gauche, prendre cette route [&hellip;]\" \/>\n<meta property=\"og:url\" content=\"https:\/\/location-villa-tizzano.com\/les-hauts-de-l-avena\/contact\/\" \/>\n<meta property=\"og:site_name\" content=\"Les Hauts de l&#039;Avena\" \/>\n<meta property=\"article:modified_time\" content=\"2024-06-04T12:59:00+00:00\" \/>\n<meta name=\"twitter:card\" content=\"summary_large_image\" \/>\n<meta name=\"twitter:label1\" content=\"Dur\u00e9e de lecture estim\u00e9e\" \/>\n\t<meta name=\"twitter:data1\" content=\"1 minute\" \/>\n<script type=\"application\/ld+json\" class=\"yoast-schema-graph\">{\"@context\":\"https:\/\/schema.org\",\"@graph\":[{\"@type\":\"WebPage\",\"@id\":\"https:\/\/location-villa-tizzano.com\/les-hauts-de-l-avena\/contact\/\",\"url\":\"https:\/\/location-villa-tizzano.com\/les-hauts-de-l-avena\/contact\/\",\"name\":\"Contact - Les Hauts de l'Avena\",\"isPartOf\":{\"@id\":\"https:\/\/location-villa-tizzano.com\/les-hauts-de-l-avena\/#website\"},\"datePublished\":\"2018-08-18T15:51:45+00:00\",\"dateModified\":\"2024-06-04T12:59:00+00:00\",\"breadcrumb\":{\"@id\":\"https:\/\/location-villa-tizzano.com\/les-hauts-de-l-avena\/contact\/#breadcrumb\"},\"inLanguage\":\"fr-FR\",\"potentialAction\":[{\"@type\":\"ReadAction\",\"target\":[\"https:\/\/location-villa-tizzano.com\/les-hauts-de-l-avena\/contact\/\"]}]},{\"@type\":\"BreadcrumbList\",\"@id\":\"https:\/\/location-villa-tizzano.com\/les-hauts-de-l-avena\/contact\/#breadcrumb\",\"itemListElement\":[{\"@type\":\"ListItem\",\"position\":1,\"name\":\"Accueil\",\"item\":\"https:\/\/location-villa-tizzano.com\/les-hauts-de-l-avena\/\"},{\"@type\":\"ListItem\",\"position\":2,\"name\":\"Contact\"}]},{\"@type\":\"WebSite\",\"@id\":\"https:\/\/location-villa-tizzano.com\/les-hauts-de-l-avena\/#website\",\"url\":\"https:\/\/location-villa-tizzano.com\/les-hauts-de-l-avena\/\",\"name\":\"Les Hauts de l'Avena\",\"description\":\"\",\"potentialAction\":[{\"@type\":\"SearchAction\",\"target\":{\"@type\":\"EntryPoint\",\"urlTemplate\":\"https:\/\/location-villa-tizzano.com\/les-hauts-de-l-avena\/?s={search_term_string}\"},\"query-input\":{\"@type\":\"PropertyValueSpecification\",\"valueRequired\":true,\"valueName\":\"search_term_string\"}}],\"inLanguage\":\"fr-FR\"}]}<\/script>\n<!-- \/ Yoast SEO plugin. -->","yoast_head_json":{"title":"Contact - Les Hauts de l'Avena","robots":{"index":"index","follow":"follow","max-snippet":"max-snippet:-1","max-image-preview":"max-image-preview:large","max-video-preview":"max-video-preview:-1"},"canonical":"https:\/\/location-villa-tizzano.com\/les-hauts-de-l-avena\/contact\/","og_locale":"fr_FR","og_type":"article","og_title":"Contact - Les Hauts de l'Avena","og_description":"R\u00e9sidence Les Hauts de l&rsquo;Avena : Nicole et Francis LOPEZ TIZZANO 20100 SARTENE avena@location-villa-tizzano.com Portable : 06 03 03 00 05 Pour acc\u00e9der \u00e0 votre villa : Depuis Sart\u00e8ne, prendre direction Bonifacio (RN196) sur environ 2 km, puis prendre \u00e0 droite en direction de Tizzano. Apr\u00e8s 12,5 km, voir panneaux \u00e0 gauche, prendre cette route [&hellip;]","og_url":"https:\/\/location-villa-tizzano.com\/les-hauts-de-l-avena\/contact\/","og_site_name":"Les Hauts de l'Avena","article_modified_time":"2024-06-04T12:59:00+00:00","twitter_card":"summary_large_image","twitter_misc":{"Dur\u00e9e de lecture estim\u00e9e":"1 minute"},"schema":{"@context":"https:\/\/schema.org","@graph":[{"@type":"WebPage","@id":"https:\/\/location-villa-tizzano.com\/les-hauts-de-l-avena\/contact\/","url":"https:\/\/location-villa-tizzano.com\/les-hauts-de-l-avena\/contact\/","name":"Contact - Les Hauts de l'Avena","isPartOf":{"@id":"https:\/\/location-villa-tizzano.com\/les-hauts-de-l-avena\/#website"},"datePublished":"2018-08-18T15:51:45+00:00","dateModified":"2024-06-04T12:59:00+00:00","breadcrumb":{"@id":"https:\/\/location-villa-tizzano.com\/les-hauts-de-l-avena\/contact\/#breadcrumb"},"inLanguage":"fr-FR","potentialAction":[{"@type":"ReadAction","target":["https:\/\/location-villa-tizzano.com\/les-hauts-de-l-avena\/contact\/"]}]},{"@type":"BreadcrumbList","@id":"https:\/\/location-villa-tizzano.com\/les-hauts-de-l-avena\/contact\/#breadcrumb","itemListElement":[{"@type":"ListItem","position":1,"name":"Accueil","item":"https:\/\/location-villa-tizzano.com\/les-hauts-de-l-avena\/"},{"@type":"ListItem","position":2,"name":"Contact"}]},{"@type":"WebSite","@id":"https:\/\/location-villa-tizzano.com\/les-hauts-de-l-avena\/#website","url":"https:\/\/location-villa-tizzano.com\/les-hauts-de-l-avena\/","name":"Les Hauts de l'Avena","description":"","potentialAction":[{"@type":"SearchAction","target":{"@type":"EntryPoint","urlTemplate":"https:\/\/location-villa-tizzano.com\/les-hauts-de-l-avena\/?s={search_term_string}"},"query-input":{"@type":"PropertyValueSpecification","valueRequired":true,"valueName":"search_term_string"}}],"inLanguage":"fr-FR"}]}},"_links":{"self":[{"href":"https:\/\/location-villa-tizzano.com\/les-hauts-de-l-avena\/wp-json\/wp\/v2\/pages\/755","targetHints":{"allow":["GET"]}}],"collection":[{"href":"https:\/\/location-villa-tizzano.com\/les-hauts-de-l-avena\/wp-json\/wp\/v2\/pages"}],"about":[{"href":"https:\/\/location-villa-tizzano.com\/les-hauts-de-l-avena\/wp-json\/wp\/v2\/types\/page"}],"author":[{"embeddable":true,"href":"https:\/\/location-villa-tizzano.com\/les-hauts-de-l-avena\/wp-json\/wp\/v2\/users\/1"}],"replies":[{"embeddable":true,"href":"https:\/\/location-villa-tizzano.com\/les-hauts-de-l-avena\/wp-json\/wp\/v2\/comments?post=755"}],"version-history":[{"count":7,"href":"https:\/\/location-villa-tizzano.com\/les-hauts-de-l-avena\/wp-json\/wp\/v2\/pages\/755\/revisions"}],"predecessor-version":[{"id":1283,"href":"https:\/\/location-villa-tizzano.com\/les-hauts-de-l-avena\/wp-json\/wp\/v2\/pages\/755\/revisions\/1283"}],"wp:attachment":[{"href":"https:\/\/location-villa-tizzano.com\/les-hauts-de-l-avena\/wp-json\/wp\/v2\/media?parent=755"}],"curies":[{"name":"wp","href":"https:\/\/api.w.org\/{rel}","templated":true}]}}