{"id":749,"date":"2018-08-18T10:07:39","date_gmt":"2018-08-18T09:07:39","guid":{"rendered":"http:\/\/localhost\/construction-medocaine.com\/?page_id=749"},"modified":"2024-06-04T09:44:49","modified_gmt":"2024-06-04T08:44:49","slug":"nos-villas","status":"publish","type":"page","link":"https:\/\/location-villa-tizzano.com\/les-hauts-de-l-avena\/nos-villas\/","title":{"rendered":"Nos villas ***"},"content":{"rendered":"\r\n<p style=\"text-align: center;\"><strong>\u00a0Espace d\u00e9tente avec une piscine et bains de soleil. <\/strong><br \/><br \/><\/p>\r\n<p style=\"text-align: center;\"><strong>Acc\u00e8s internet gratuit est disponible dans chaque villa.<\/strong><\/p>\r\n<p>&nbsp;<\/p>\r\n\r\n<p style=\"text-align: center;\">Venez vous d\u00e9tendre au c\u0153ur du maquis corse dans nos mini-villas et studios class\u00e9s 3 \u00e9toiles, \u00e0 Tizzano, \u00e0 quelques minutes \u00e0 pied d&rsquo;une grande plage de sable fin.<br \/><br \/>De 2 \u00e0 6 personnes, nos logements vont vous ravir par leur simplicit\u00e9 et leur terrasse privative, sans vis \u00e0 vis, vue d\u00e9gag\u00e9e sur la mer et les montagnes avoisinantes.<\/p>\r\n<p style=\"text-align: center;\"><\/p>\r\n<p style=\"text-align: center;\">\u00a0<\/p>\r\n<p style=\"text-align: center;\"><\/p>\r\n<p style=\"text-align: center;\"><\/p>\r\n<p><img decoding=\"async\" class=\"aligncenter\" src=\"https:\/\/location-villa-tizzano.com\/les-hauts-de-l-avena\/wp-content\/uploads\/les-hauts-de-l-avena-pictos-avena-1-e1671533951264.png\" \/><\/p>","protected":false},"excerpt":{"rendered":"<p>\u00a0Espace d\u00e9tente avec une piscine et bains de soleil. Acc\u00e8s internet gratuit est disponible dans chaque villa. &nbsp; Venez vous d\u00e9tendre au c\u0153ur du maquis corse dans nos mini-villas et studios class\u00e9s 3 \u00e9toiles, \u00e0 Tizzano, \u00e0 quelques minutes \u00e0 pied d&rsquo;une grande plage de sable fin. De 2 \u00e0 6 personnes, nos logements vont [&hellip;]<\/p>\n","protected":false},"author":1,"featured_media":0,"parent":0,"menu_order":3,"comment_status":"closed","ping_status":"closed","template":"","meta":{"_acf_changed":false,"footnotes":""},"class_list":["post-749","page","type-page","status-publish","hentry"],"acf":[],"yoast_head":"<!-- This site is optimized with the Yoast SEO plugin v26.9 - https:\/\/yoast.com\/product\/yoast-seo-wordpress\/ -->\n<title>Nos villas *** - Les Hauts de l&#039;Avena - Tizzano - Corse du sud<\/title>\n<meta name=\"description\" content=\"R\u00e9servez pour vos vacances une villa \u00e0 Tizzano dans une r\u00e9sidence avec piscine. Les hauts de l&#039;avena est une r\u00e9sidence familiale en Corse du sud.\" \/>\n<meta name=\"robots\" content=\"index, follow, max-snippet:-1, max-image-preview:large, max-video-preview:-1\" \/>\n<link rel=\"canonical\" href=\"https:\/\/location-villa-tizzano.com\/les-hauts-de-l-avena\/nos-villas\/\" \/>\n<meta property=\"og:locale\" content=\"fr_FR\" \/>\n<meta property=\"og:type\" content=\"article\" \/>\n<meta property=\"og:title\" content=\"Nos villas *** - Les Hauts de l&#039;Avena - Tizzano - Corse du sud\" \/>\n<meta property=\"og:description\" content=\"R\u00e9servez pour vos vacances une villa \u00e0 Tizzano dans une r\u00e9sidence avec piscine. Les hauts de l&#039;avena est une r\u00e9sidence familiale en Corse du sud.\" \/>\n<meta property=\"og:url\" content=\"https:\/\/location-villa-tizzano.com\/les-hauts-de-l-avena\/nos-villas\/\" \/>\n<meta property=\"og:site_name\" content=\"Les Hauts de l&#039;Avena\" \/>\n<meta property=\"article:modified_time\" content=\"2024-06-04T08:44:49+00:00\" \/>\n<meta property=\"og:image\" content=\"https:\/\/location-villa-tizzano.com\/les-hauts-de-l-avena\/wp-content\/uploads\/les-hauts-de-l-avena-pictos-avena-1-e1671533951264.png\" \/>\n<meta name=\"twitter:card\" content=\"summary_large_image\" \/>\n<meta name=\"twitter:label1\" content=\"Dur\u00e9e de lecture estim\u00e9e\" \/>\n\t<meta name=\"twitter:data1\" content=\"1 minute\" \/>\n<script type=\"application\/ld+json\" class=\"yoast-schema-graph\">{\"@context\":\"https:\/\/schema.org\",\"@graph\":[{\"@type\":\"WebPage\",\"@id\":\"https:\/\/location-villa-tizzano.com\/les-hauts-de-l-avena\/nos-villas\/\",\"url\":\"https:\/\/location-villa-tizzano.com\/les-hauts-de-l-avena\/nos-villas\/\",\"name\":\"Nos villas *** - Les Hauts de l'Avena - Tizzano - Corse du sud\",\"isPartOf\":{\"@id\":\"https:\/\/location-villa-tizzano.com\/les-hauts-de-l-avena\/#website\"},\"primaryImageOfPage\":{\"@id\":\"https:\/\/location-villa-tizzano.com\/les-hauts-de-l-avena\/nos-villas\/#primaryimage\"},\"image\":{\"@id\":\"https:\/\/location-villa-tizzano.com\/les-hauts-de-l-avena\/nos-villas\/#primaryimage\"},\"thumbnailUrl\":\"https:\/\/location-villa-tizzano.com\/les-hauts-de-l-avena\/wp-content\/uploads\/les-hauts-de-l-avena-pictos-avena-1-e1671533951264.png\",\"datePublished\":\"2018-08-18T09:07:39+00:00\",\"dateModified\":\"2024-06-04T08:44:49+00:00\",\"description\":\"R\u00e9servez pour vos vacances une villa \u00e0 Tizzano dans une r\u00e9sidence avec piscine. Les hauts de l'avena est une r\u00e9sidence familiale en Corse du sud.\",\"breadcrumb\":{\"@id\":\"https:\/\/location-villa-tizzano.com\/les-hauts-de-l-avena\/nos-villas\/#breadcrumb\"},\"inLanguage\":\"fr-FR\",\"potentialAction\":[{\"@type\":\"ReadAction\",\"target\":[\"https:\/\/location-villa-tizzano.com\/les-hauts-de-l-avena\/nos-villas\/\"]}]},{\"@type\":\"ImageObject\",\"inLanguage\":\"fr-FR\",\"@id\":\"https:\/\/location-villa-tizzano.com\/les-hauts-de-l-avena\/nos-villas\/#primaryimage\",\"url\":\"https:\/\/location-villa-tizzano.com\/les-hauts-de-l-avena\/wp-content\/uploads\/les-hauts-de-l-avena-pictos-avena-1-e1671533951264.png\",\"contentUrl\":\"https:\/\/location-villa-tizzano.com\/les-hauts-de-l-avena\/wp-content\/uploads\/les-hauts-de-l-avena-pictos-avena-1-e1671533951264.png\",\"width\":350,\"height\":60},{\"@type\":\"BreadcrumbList\",\"@id\":\"https:\/\/location-villa-tizzano.com\/les-hauts-de-l-avena\/nos-villas\/#breadcrumb\",\"itemListElement\":[{\"@type\":\"ListItem\",\"position\":1,\"name\":\"Accueil\",\"item\":\"https:\/\/location-villa-tizzano.com\/les-hauts-de-l-avena\/\"},{\"@type\":\"ListItem\",\"position\":2,\"name\":\"Nos villas ***\"}]},{\"@type\":\"WebSite\",\"@id\":\"https:\/\/location-villa-tizzano.com\/les-hauts-de-l-avena\/#website\",\"url\":\"https:\/\/location-villa-tizzano.com\/les-hauts-de-l-avena\/\",\"name\":\"Les Hauts de l'Avena\",\"description\":\"\",\"potentialAction\":[{\"@type\":\"SearchAction\",\"target\":{\"@type\":\"EntryPoint\",\"urlTemplate\":\"https:\/\/location-villa-tizzano.com\/les-hauts-de-l-avena\/?s={search_term_string}\"},\"query-input\":{\"@type\":\"PropertyValueSpecification\",\"valueRequired\":true,\"valueName\":\"search_term_string\"}}],\"inLanguage\":\"fr-FR\"}]}<\/script>\n<!-- \/ Yoast SEO plugin. -->","yoast_head_json":{"title":"Nos villas *** - Les Hauts de l'Avena - Tizzano - Corse du sud","description":"R\u00e9servez pour vos vacances une villa \u00e0 Tizzano dans une r\u00e9sidence avec piscine. Les hauts de l'avena est une r\u00e9sidence familiale en Corse du sud.","robots":{"index":"index","follow":"follow","max-snippet":"max-snippet:-1","max-image-preview":"max-image-preview:large","max-video-preview":"max-video-preview:-1"},"canonical":"https:\/\/location-villa-tizzano.com\/les-hauts-de-l-avena\/nos-villas\/","og_locale":"fr_FR","og_type":"article","og_title":"Nos villas *** - Les Hauts de l'Avena - Tizzano - Corse du sud","og_description":"R\u00e9servez pour vos vacances une villa \u00e0 Tizzano dans une r\u00e9sidence avec piscine. Les hauts de l'avena est une r\u00e9sidence familiale en Corse du sud.","og_url":"https:\/\/location-villa-tizzano.com\/les-hauts-de-l-avena\/nos-villas\/","og_site_name":"Les Hauts de l'Avena","article_modified_time":"2024-06-04T08:44:49+00:00","og_image":[{"url":"https:\/\/location-villa-tizzano.com\/les-hauts-de-l-avena\/wp-content\/uploads\/les-hauts-de-l-avena-pictos-avena-1-e1671533951264.png","type":"","width":"","height":""}],"twitter_card":"summary_large_image","twitter_misc":{"Dur\u00e9e de lecture estim\u00e9e":"1 minute"},"schema":{"@context":"https:\/\/schema.org","@graph":[{"@type":"WebPage","@id":"https:\/\/location-villa-tizzano.com\/les-hauts-de-l-avena\/nos-villas\/","url":"https:\/\/location-villa-tizzano.com\/les-hauts-de-l-avena\/nos-villas\/","name":"Nos villas *** - Les Hauts de l'Avena - Tizzano - Corse du sud","isPartOf":{"@id":"https:\/\/location-villa-tizzano.com\/les-hauts-de-l-avena\/#website"},"primaryImageOfPage":{"@id":"https:\/\/location-villa-tizzano.com\/les-hauts-de-l-avena\/nos-villas\/#primaryimage"},"image":{"@id":"https:\/\/location-villa-tizzano.com\/les-hauts-de-l-avena\/nos-villas\/#primaryimage"},"thumbnailUrl":"https:\/\/location-villa-tizzano.com\/les-hauts-de-l-avena\/wp-content\/uploads\/les-hauts-de-l-avena-pictos-avena-1-e1671533951264.png","datePublished":"2018-08-18T09:07:39+00:00","dateModified":"2024-06-04T08:44:49+00:00","description":"R\u00e9servez pour vos vacances une villa \u00e0 Tizzano dans une r\u00e9sidence avec piscine. Les hauts de l'avena est une r\u00e9sidence familiale en Corse du sud.","breadcrumb":{"@id":"https:\/\/location-villa-tizzano.com\/les-hauts-de-l-avena\/nos-villas\/#breadcrumb"},"inLanguage":"fr-FR","potentialAction":[{"@type":"ReadAction","target":["https:\/\/location-villa-tizzano.com\/les-hauts-de-l-avena\/nos-villas\/"]}]},{"@type":"ImageObject","inLanguage":"fr-FR","@id":"https:\/\/location-villa-tizzano.com\/les-hauts-de-l-avena\/nos-villas\/#primaryimage","url":"https:\/\/location-villa-tizzano.com\/les-hauts-de-l-avena\/wp-content\/uploads\/les-hauts-de-l-avena-pictos-avena-1-e1671533951264.png","contentUrl":"https:\/\/location-villa-tizzano.com\/les-hauts-de-l-avena\/wp-content\/uploads\/les-hauts-de-l-avena-pictos-avena-1-e1671533951264.png","width":350,"height":60},{"@type":"BreadcrumbList","@id":"https:\/\/location-villa-tizzano.com\/les-hauts-de-l-avena\/nos-villas\/#breadcrumb","itemListElement":[{"@type":"ListItem","position":1,"name":"Accueil","item":"https:\/\/location-villa-tizzano.com\/les-hauts-de-l-avena\/"},{"@type":"ListItem","position":2,"name":"Nos villas ***"}]},{"@type":"WebSite","@id":"https:\/\/location-villa-tizzano.com\/les-hauts-de-l-avena\/#website","url":"https:\/\/location-villa-tizzano.com\/les-hauts-de-l-avena\/","name":"Les Hauts de l'Avena","description":"","potentialAction":[{"@type":"SearchAction","target":{"@type":"EntryPoint","urlTemplate":"https:\/\/location-villa-tizzano.com\/les-hauts-de-l-avena\/?s={search_term_string}"},"query-input":{"@type":"PropertyValueSpecification","valueRequired":true,"valueName":"search_term_string"}}],"inLanguage":"fr-FR"}]}},"_links":{"self":[{"href":"https:\/\/location-villa-tizzano.com\/les-hauts-de-l-avena\/wp-json\/wp\/v2\/pages\/749","targetHints":{"allow":["GET"]}}],"collection":[{"href":"https:\/\/location-villa-tizzano.com\/les-hauts-de-l-avena\/wp-json\/wp\/v2\/pages"}],"about":[{"href":"https:\/\/location-villa-tizzano.com\/les-hauts-de-l-avena\/wp-json\/wp\/v2\/types\/page"}],"author":[{"embeddable":true,"href":"https:\/\/location-villa-tizzano.com\/les-hauts-de-l-avena\/wp-json\/wp\/v2\/users\/1"}],"replies":[{"embeddable":true,"href":"https:\/\/location-villa-tizzano.com\/les-hauts-de-l-avena\/wp-json\/wp\/v2\/comments?post=749"}],"version-history":[{"count":24,"href":"https:\/\/location-villa-tizzano.com\/les-hauts-de-l-avena\/wp-json\/wp\/v2\/pages\/749\/revisions"}],"predecessor-version":[{"id":1260,"href":"https:\/\/location-villa-tizzano.com\/les-hauts-de-l-avena\/wp-json\/wp\/v2\/pages\/749\/revisions\/1260"}],"wp:attachment":[{"href":"https:\/\/location-villa-tizzano.com\/les-hauts-de-l-avena\/wp-json\/wp\/v2\/media?parent=749"}],"curies":[{"name":"wp","href":"https:\/\/api.w.org\/{rel}","templated":true}]}}